{"id":691,"date":"2018-06-08T09:48:15","date_gmt":"2018-06-08T09:48:15","guid":{"rendered":"http:\/\/ande.mikado-themes.com\/?page_id=691"},"modified":"2026-03-12T11:14:21","modified_gmt":"2026-03-12T10:14:21","slug":"a-propos","status":"publish","type":"page","link":"https:\/\/restaurant-tehran-lake.ch\/en\/a-propos\/","title":{"rendered":"A propos"},"content":{"rendered":"<div class=\"vc_row wpb_row vc_row-fluid mkdf-content-aligment-center\" ><div class=\"wpb_column vc_column_container vc_col-sm-12\"><div class=\"vc_column-inner\"><div class=\"wpb_wrapper\">\n\t<div class=\"wpb_text_column wpb_content_element\" >\n\t\t<div class=\"wpb_wrapper\">\n\t\t\t<div id=\"i4c-draggable-container\" style=\"position: fixed; z-index: 1499; width: 0px; height: 0px;\">\n<div class=\"resolved\" style=\"all: initial;\" data-reactroot=\"\"><\/div>\n<\/div>\n\n\t\t<\/div>\n\t<\/div>\n<\/div><\/div><\/div><\/div><div class=\"mkdf-row-grid-section-wrapper mkdf-content-aligment-center\"  style=\"background-color:#ffffff\"><div class=\"mkdf-row-grid-section\"><div class=\"vc_row wpb_row vc_row-fluid vc_custom_1772209199057 vc_row-has-fill\" ><div class=\"wpb_column vc_column_container vc_col-sm-12\"><div class=\"vc_column-inner\"><div class=\"wpb_wrapper\"><div class=\"mkdf-elements-holder   mkdf-one-column  mkdf-responsive-mode-768\" ><div class=\"mkdf-eh-item   mkdf-horizontal-alignment-center\"  data-item-class=\"mkdf-eh-custom-1169\" data-1367-1600=\"0% 17.8% 0% 17.8%\" data-1025-1366=\"0% 16.8% 0% 16.8%\" data-769-1024=\"0% 0% 0% 0%\" data-681-768=\"0% 10% 0% 10%\" data-680=\"0% 5% 0% 5%\">\n\t<div class=\"mkdf-eh-item-inner\">\n\t\t<div class=\"mkdf-eh-item-content mkdf-eh-custom-1169\" style=\"padding: 0% 17.8% 0% 17.8%\">\n\t\t\t<div class=\"mkdf-section-title-holder  mkdf-st-standard mkdf-st-title-left mkdf-st-normal-space\" style=\"text-align: center\">\n\t<div class=\"mkdf-st-inner\">\n\t\t\t\t\t<h2 class=\"mkdf-st-title\" style=\"color: #000000\">\n\t\t\t\tTehran Restaurant\t\t\t<\/h2>\n\t\t\t\t\t\t\t<\/div>\n<\/div><div class=\"mkdf-section-title-holder  mkdf-st-standard mkdf-st-title-left mkdf-st-normal-space\" style=\"text-align: center\">\n\t<div class=\"mkdf-st-inner\">\n\t\t\t\t\t<h2 class=\"mkdf-st-title\" style=\"color: #000000\">\n\t\t\t\tGeneva Lake\t\t\t<\/h2>\n\t\t\t\t<div class=\"mkdf-separator-holder clearfix  mkdf-separator-center\">\n\t<div class=\"mkdf-separator\" style=\"border-color: #000000;width: 80px;border-bottom-width: 2px\"><\/div>\n<\/div>\n\t\t\t<\/div>\n<\/div><div class=\"mkdf-section-title-holder  mkdf-st-standard mkdf-st-title-left mkdf-st-normal-space\" style=\"text-align: left\">\n\t<div class=\"mkdf-st-inner\">\n\t\t\t\t\t\t\t\t\t<p class=\"mkdf-st-text\" style=\"font-size: 20px;line-height: 32px\">\n\t\t\t\tSince 2009, Tehran Restaurant \u2013 Geneva Center has welcomed you in the heart of Geneva to discover the authenticity of true Iranian cuisine. Our establishment is a 100% certified halal Iranian restaurant, where quality, tradition, and customer satisfaction are our top priorities.\n\nOur team is composed exclusively of Iranian professionals, both in the kitchen and in the dining room\u2014true experts in Persian gastronomy who passionately preserve a culinary heritage passed down through generations. We carefully select fresh ingredients and premium-quality meats, all guaranteed 100% halal, to offer authentic and flavorful dishes prepared in accordance with tradition.\n\nIdeally located near the city center of Geneva, just a few steps from Cornavin Station and only a 5-minute walk from Lake Geneva, our restaurant is easily accessible by public transport. Many parking options are available nearby, including a paid underground parking located directly opposite at the Cygnes Shopping Center.\n\nWhether dining in or ordering from home, we are delighted to serve you. We offer delivery via Uber Eats and Just Eat, as well as direct orders by phone.\n\nTehran Restaurant \u2013 Geneva Lake also welcomes you just steps from Lake Geneva to discover the authenticity of true Iranian cuisine in a warm and friendly atmosphere.\n\nOur restaurant offers authentic Iranian cuisine, prepared by a team entirely composed of experienced Iranian professionals, passionate about Persian gastronomy and its traditional craftsmanship.<br \/>\nAll our dishes are prepared with fresh ingredients and premium-quality meats guaranteed 100% halal, offering authentic flavors true to Iranian traditions.\n\nIdeally located just a 2-minute walk from Lake Geneva, our restaurant is easily accessible and several public parking facilities are available nearby.\n\nTehran Restaurant \u2013 Geneva Lake, the perfect place to enjoy authentic halal Iranian cuisine in Geneva.\t\t\t<\/p>\n\t\t\t<\/div>\n<\/div>\t\t<\/div>\n\t<\/div>\n<\/div><\/div><\/div><\/div><\/div><\/div><\/div><\/div><div class=\"mkdf-row-grid-section-wrapper mkdf-content-aligment-center\"  ><div class=\"mkdf-row-grid-section\"><div class=\"vc_row wpb_row vc_row-fluid vc_custom_1530182120282\" ><div class=\"wpb_column vc_column_container vc_col-sm-12\"><div class=\"vc_column-inner\"><div class=\"wpb_wrapper\">\n\t<div  class=\"wpb_single_image wpb_content_element vc_align_center\">\n\t\t\n\t\t<figure class=\"wpb_wrapper vc_figure\">\n\t\t\t<div class=\"vc_single_image-wrapper   vc_box_border_grey\"><img loading=\"lazy\" decoding=\"async\" class=\"vc_single_image-img\" src=\"https:\/\/restaurant-tehran-lake.ch\/wp-content\/uploads\/2021\/11\/Facade-moc-1-636x408.jpg\" width=\"636\" height=\"408\" alt=\"Facade-moc\" title=\"Facade-moc\" \/><\/div>\n\t\t<\/figure>\n\t<\/div>\n<\/div><\/div><\/div><\/div><\/div><\/div><div class=\"vc_row wpb_row vc_row-fluid\" ><div class=\"wpb_column vc_column_container vc_col-sm-12\"><div class=\"vc_column-inner\"><div class=\"wpb_wrapper\"><div class=\"mkdf-elements-holder   mkdf-one-column  mkdf-responsive-mode-768\" ><div class=\"mkdf-eh-item   mkdf-horizontal-alignment-center\"  data-item-class=\"mkdf-eh-custom-1081\" data-1367-1600=\"0% 17.8% 0% 17.8%\" data-1025-1366=\"0% 16.8% 0% 16.8%\" data-769-1024=\"0% 0% 0% 0%\" data-681-768=\"0% 10% 0% 10%\" data-680=\"0% 5% 0% 5%\">\n\t<div class=\"mkdf-eh-item-inner\">\n\t\t<div class=\"mkdf-eh-item-content mkdf-eh-custom-1081\" style=\"padding: 0% 17.8% 0% 17.8%\">\n\t\t\t<div class=\"mkdf-section-title-holder  mkdf-st-standard mkdf-st-title-left mkdf-st-normal-space\" style=\"text-align: center\">\n\t<div class=\"mkdf-st-inner\">\n\t\t\t\t\t<h2 class=\"mkdf-st-title\" style=\"color: #000000\">\n\t\t\t\tOur partners\t\t\t<\/h2>\n\t\t\t\t<div class=\"mkdf-separator-holder clearfix  mkdf-separator-center\">\n\t<div class=\"mkdf-separator\" style=\"border-color: #000000;width: 80px;border-bottom-width: 2px\"><\/div>\n<\/div>\n\t\t\t<\/div>\n<\/div><div class=\"mkdf-clients-carousel-holder mkdf-cc-hover-switch-images\">\n\t<div class=\"mkdf-cc-inner mkdf-owl-slider\" data-number-of-items=\"5\" data-enable-loop=\"yes\" data-enable-autoplay=\"yes\" data-slider-speed=\"5000\" data-slider-speed-animation=\"600\" data-enable-navigation=\"no\" data-enable-pagination=\"no\">\n\t\t<div class=\"mkdf-cc-item mkdf-item-space mkdf-cci-no-link\">\n\t\t\t\t\t\t<img decoding=\"async\" itemprop=\"image\" class=\"mkdf-cc-image\" src=\"https:\/\/restaurant-tehran-lake.ch\/wp-content\/uploads\/2021\/09\/Partenaires-01-1.png\" alt=\"\" \/>\n\t\t\t\t\t\t\t<img decoding=\"async\" itemprop=\"image\" class=\"mkdf-cc-hover-image\" src=\"https:\/\/restaurant-tehran-lake.ch\/wp-content\/uploads\/2021\/09\/Partenaires-01-1.png\" alt=\"\" \/>\n\t\t\t<\/div><div class=\"mkdf-cc-item mkdf-item-space mkdf-cci-no-link\">\n\t\t\t\t\t\t<img decoding=\"async\" itemprop=\"image\" class=\"mkdf-cc-image\" src=\"https:\/\/restaurant-tehran-lake.ch\/wp-content\/uploads\/2021\/09\/Partenaires-02-1.png\" alt=\"\" \/>\n\t\t\t\t\t\t\t<img decoding=\"async\" itemprop=\"image\" class=\"mkdf-cc-hover-image\" src=\"https:\/\/restaurant-tehran-lake.ch\/wp-content\/uploads\/2021\/09\/Partenaires-02-1.png\" alt=\"\" \/>\n\t\t\t<\/div><div class=\"mkdf-cc-item mkdf-item-space mkdf-cci-no-link\">\n\t\t\t\t\t\t<img decoding=\"async\" itemprop=\"image\" class=\"mkdf-cc-image\" src=\"https:\/\/restaurant-tehran-lake.ch\/wp-content\/uploads\/2021\/09\/Partenaires-03-1.png\" alt=\"\" \/>\n\t\t\t\t\t\t\t<img decoding=\"async\" itemprop=\"image\" class=\"mkdf-cc-hover-image\" src=\"https:\/\/restaurant-tehran-lake.ch\/wp-content\/uploads\/2021\/09\/Partenaires-03-1.png\" alt=\"\" \/>\n\t\t\t<\/div><div class=\"mkdf-cc-item mkdf-item-space mkdf-cci-no-link\">\n\t\t\t\t\t\t<img decoding=\"async\" itemprop=\"image\" class=\"mkdf-cc-image\" src=\"https:\/\/restaurant-tehran-lake.ch\/wp-content\/uploads\/2021\/09\/Partenaires-04-2.png\" alt=\"\" \/>\n\t\t\t\t\t\t\t<img decoding=\"async\" itemprop=\"image\" class=\"mkdf-cc-hover-image\" src=\"https:\/\/restaurant-tehran-lake.ch\/wp-content\/uploads\/2021\/09\/Partenaires-04-2.png\" alt=\"\" \/>\n\t\t\t<\/div><div class=\"mkdf-cc-item mkdf-item-space mkdf-cci-no-link\">\n\t\t\t\t\t\t<img decoding=\"async\" itemprop=\"image\" class=\"mkdf-cc-image\" src=\"https:\/\/restaurant-tehran-lake.ch\/wp-content\/uploads\/2021\/09\/Partenaires-05.png\" alt=\"\" \/>\n\t\t\t\t\t\t\t<img decoding=\"async\" itemprop=\"image\" class=\"mkdf-cc-hover-image\" src=\"https:\/\/restaurant-tehran-lake.ch\/wp-content\/uploads\/2021\/09\/Partenaires-05.png\" alt=\"\" \/>\n\t\t\t<\/div><div class=\"mkdf-cc-item mkdf-item-space mkdf-cci-no-link\">\n\t\t\t\t\t\t<img decoding=\"async\" itemprop=\"image\" class=\"mkdf-cc-image\" src=\"https:\/\/restaurant-tehran-lake.ch\/wp-content\/uploads\/2021\/09\/Partenaires-06.png\" alt=\"\" \/>\n\t\t\t\t\t\t\t<img decoding=\"async\" itemprop=\"image\" class=\"mkdf-cc-hover-image\" src=\"https:\/\/restaurant-tehran-lake.ch\/wp-content\/uploads\/2021\/09\/Partenaires-06.png\" alt=\"\" \/>\n\t\t\t<\/div><div class=\"mkdf-cc-item mkdf-item-space mkdf-cci-no-link\">\n\t\t\t\t\t\t<img decoding=\"async\" itemprop=\"image\" class=\"mkdf-cc-image\" src=\"https:\/\/restaurant-tehran-lake.ch\/wp-content\/uploads\/2021\/09\/Partenaires-07.png\" alt=\"\" \/>\n\t\t\t\t\t\t\t<img decoding=\"async\" itemprop=\"image\" class=\"mkdf-cc-hover-image\" src=\"https:\/\/restaurant-tehran-lake.ch\/wp-content\/uploads\/2021\/09\/Partenaires-07.png\" alt=\"\" \/>\n\t\t\t<\/div><div class=\"mkdf-cc-item mkdf-item-space mkdf-cci-no-link\">\n\t\t\t\t\t\t<img decoding=\"async\" itemprop=\"image\" class=\"mkdf-cc-image\" src=\"https:\/\/restaurant-tehran-lake.ch\/wp-content\/uploads\/2021\/09\/Partenaires-08.png\" alt=\"\" \/>\n\t\t\t\t\t\t\t<img decoding=\"async\" itemprop=\"image\" class=\"mkdf-cc-hover-image\" src=\"https:\/\/restaurant-tehran-lake.ch\/wp-content\/uploads\/2021\/09\/Partenaires-08.png\" alt=\"\" \/>\n\t\t\t<\/div>\t<\/div>\n<\/div>\t\t<\/div>\n\t<\/div>\n<\/div><\/div><\/div><\/div><\/div><\/div><div class=\"vc_row wpb_row vc_row-fluid\" ><div class=\"wpb_column vc_column_container vc_col-sm-12\"><div class=\"vc_column-inner\"><div class=\"wpb_wrapper\">\n\t<div class=\"wpb_text_column wpb_content_element\" >\n\t\t<div class=\"wpb_wrapper\">\n\t\t\t<div id=\"i4c-dialogs-container\"><\/div>\n\n\t\t<\/div>\n\t<\/div>\n<\/div><\/div><\/div><\/div>","protected":false},"excerpt":{"rendered":"Restaurant Tehran Geneva Lake Depuis 2009, Restaurant Tehran \u2013 Geneva Center vous accueille au c\u0153ur de Gen\u00e8ve pour vous faire d\u00e9couvrir l\u2019authenticit\u00e9 de la v\u00e9ritable cuisine iranienne. Notre \u00e9tablissement est un restaurant iranien 100 % halal certifi\u00e9, o\u00f9 la qualit\u00e9, la tradition et la satisfaction de nos clients sont notre priorit\u00e9 absolue. Notre \u00e9quipe est compos\u00e9e exclusivement de professionnels iraniens, en cuisine comme en salle, de v\u00e9ritables connaisseurs de la gastronomie persane qui perp\u00e9tuent avec passion un savoir-faire transmis depuis des g\u00e9n\u00e9rations. Nous s\u00e9lectionnons soigneusement des ingr\u00e9dients frais et des viandes de premi\u00e8re qualit\u00e9, toutes garanties 100 % halal, afin [...]","protected":false},"author":1,"featured_media":0,"parent":0,"menu_order":0,"comment_status":"closed","ping_status":"closed","template":"full-width.php","meta":{"footnotes":""},"class_list":["post-691","page","type-page","status-publish","hentry"],"_links":{"self":[{"href":"https:\/\/restaurant-tehran-lake.ch\/en\/wp-json\/wp\/v2\/pages\/691","targetHints":{"allow":["GET"]}}],"collection":[{"href":"https:\/\/restaurant-tehran-lake.ch\/en\/wp-json\/wp\/v2\/pages"}],"about":[{"href":"https:\/\/restaurant-tehran-lake.ch\/en\/wp-json\/wp\/v2\/types\/page"}],"author":[{"embeddable":true,"href":"https:\/\/restaurant-tehran-lake.ch\/en\/wp-json\/wp\/v2\/users\/1"}],"replies":[{"embeddable":true,"href":"https:\/\/restaurant-tehran-lake.ch\/en\/wp-json\/wp\/v2\/comments?post=691"}],"version-history":[{"count":0,"href":"https:\/\/restaurant-tehran-lake.ch\/en\/wp-json\/wp\/v2\/pages\/691\/revisions"}],"wp:attachment":[{"href":"https:\/\/restaurant-tehran-lake.ch\/en\/wp-json\/wp\/v2\/media?parent=691"}],"curies":[{"name":"wp","href":"https:\/\/api.w.org\/{rel}","templated":true}]}}