{"id":691,"date":"2018-06-08T09:48:15","date_gmt":"2018-06-08T09:48:15","guid":{"rendered":"http:\/\/ande.mikado-themes.com\/?page_id=691"},"modified":"2026-03-12T11:14:21","modified_gmt":"2026-03-12T10:14:21","slug":"a-propos","status":"publish","type":"page","link":"https:\/\/restaurant-tehran-lake.ch\/ar\/a-propos\/","title":{"rendered":"\u0645\u0639\u0644\u0648\u0645\u0627\u062a \u0639\u0646\u0627"},"content":{"rendered":"<div class=\"vc_row wpb_row vc_row-fluid mkdf-content-aligment-center\" ><div class=\"wpb_column vc_column_container vc_col-sm-12\"><div class=\"vc_column-inner\"><div class=\"wpb_wrapper\">\n\t<div class=\"wpb_text_column wpb_content_element\" >\n\t\t<div class=\"wpb_wrapper\">\n\t\t\t<div id=\"i4c-draggable-container\" style=\"position: fixed; z-index: 1499; width: 0px; height: 0px;\">\n<div class=\"resolved\" style=\"all: initial;\" data-reactroot=\"\"><\/div>\n<\/div>\n\n\t\t<\/div>\n\t<\/div>\n<\/div><\/div><\/div><\/div><div class=\"mkdf-row-grid-section-wrapper mkdf-content-aligment-center\"  style=\"background-color:#ffffff\"><div class=\"mkdf-row-grid-section\"><div class=\"vc_row wpb_row vc_row-fluid vc_custom_1772209199057 vc_row-has-fill\" ><div class=\"wpb_column vc_column_container vc_col-sm-12\"><div class=\"vc_column-inner\"><div class=\"wpb_wrapper\"><div class=\"mkdf-elements-holder   mkdf-one-column  mkdf-responsive-mode-768\" ><div class=\"mkdf-eh-item   mkdf-horizontal-alignment-center\"  data-item-class=\"mkdf-eh-custom-8944\" data-1367-1600=\"0% 17.8% 0% 17.8%\" data-1025-1366=\"0% 16.8% 0% 16.8%\" data-769-1024=\"0% 0% 0% 0%\" data-681-768=\"0% 10% 0% 10%\" data-680=\"0% 5% 0% 5%\">\n\t<div class=\"mkdf-eh-item-inner\">\n\t\t<div class=\"mkdf-eh-item-content mkdf-eh-custom-8944\" style=\"padding: 0% 17.8% 0% 17.8%\">\n\t\t\t<div class=\"mkdf-section-title-holder  mkdf-st-standard mkdf-st-title-left mkdf-st-normal-space\" style=\"text-align: center\">\n\t<div class=\"mkdf-st-inner\">\n\t\t\t\t\t<h2 class=\"mkdf-st-title\" style=\"color: #000000\">\n\t\t\t\t\u0645\u0637\u0639\u0645 \u0637\u0647\u0631\u0627\u0646\t\t\t<\/h2>\n\t\t\t\t\t\t\t<\/div>\n<\/div><div class=\"mkdf-section-title-holder  mkdf-st-standard mkdf-st-title-left mkdf-st-normal-space\" style=\"text-align: center\">\n\t<div class=\"mkdf-st-inner\">\n\t\t\t\t\t<h2 class=\"mkdf-st-title\" style=\"color: #000000\">\n\t\t\t\t\u0628\u062d\u064a\u0631\u0629 \u062c\u0646\u064a\u0641\t\t\t<\/h2>\n\t\t\t\t<div class=\"mkdf-separator-holder clearfix  mkdf-separator-center\">\n\t<div class=\"mkdf-separator\" style=\"border-color: #000000;width: 80px;border-bottom-width: 2px\"><\/div>\n<\/div>\n\t\t\t<\/div>\n<\/div><div class=\"mkdf-section-title-holder  mkdf-st-standard mkdf-st-title-left mkdf-st-normal-space\" style=\"text-align: left\">\n\t<div class=\"mkdf-st-inner\">\n\t\t\t\t\t\t\t\t\t<p class=\"mkdf-st-text\" style=\"font-size: 20px;line-height: 32px\">\n\t\t\t\t\u0645\u0646\u0630 \u0639\u0627\u0645 2009\u060c \u064a\u0631\u062d\u0628 \u0628\u0643\u0645 \u0645\u0637\u0639\u0645 \u0637\u0647\u0631\u0627\u0646 \u2013 \u0648\u0633\u0637 \u0645\u062f\u064a\u0646\u0629 \u062c\u0646\u064a\u0641 \u0641\u064a \u0642\u0644\u0628 \u062c\u0646\u064a\u0641 \u0644\u0627\u0643\u062a\u0634\u0627\u0641 \u0623\u0635\u0627\u0644\u0629 \u0627\u0644\u0645\u0637\u0628\u062e \u0627\u0644\u0625\u064a\u0631\u0627\u0646\u064a \u0627\u0644\u062d\u0642\u064a\u0642\u064a. \u0645\u0637\u0639\u0645\u0646\u0627 \u0647\u0648 \u0645\u0637\u0639\u0645 \u0625\u064a\u0631\u0627\u0646\u064a \u062d\u0644\u0627\u0644 100\u066a \u0645\u0639\u062a\u0645\u062f\u060c \u062d\u064a\u062b \u062a\u064f\u0639\u062f \u0627\u0644\u062c\u0648\u062f\u0629 \u0648\u0627\u0644\u062a\u0642\u0627\u0644\u064a\u062f \u0648\u0631\u0636\u0627 \u0639\u0645\u0644\u0627\u0626\u0646\u0627 \u0623\u0648\u0644\u0648\u064a\u062a\u0646\u0627 \u0627\u0644\u0642\u0635\u0648\u0649.\n\n\u064a\u062a\u0643\u0648\u0651\u0646 \u0641\u0631\u064a\u0642\u0646\u0627 \u0628\u0627\u0644\u0643\u0627\u0645\u0644 \u0645\u0646 \u0645\u062d\u062a\u0631\u0641\u064a\u0646 \u0625\u064a\u0631\u0627\u0646\u064a\u064a\u0646\u060c \u0633\u0648\u0627\u0621 \u0641\u064a \u0627\u0644\u0645\u0637\u0628\u062e \u0623\u0648 \u0641\u064a \u0642\u0627\u0639\u0629 \u0627\u0644\u0645\u0637\u0639\u0645\u060c \u0648\u0647\u0645 \u062e\u0628\u0631\u0627\u0621 \u062d\u0642\u064a\u0642\u064a\u0648\u0646 \u0641\u064a \u0641\u0646\u0648\u0646 \u0627\u0644\u0637\u0647\u064a \u0627\u0644\u0641\u0627\u0631\u0633\u064a \u064a\u0648\u0627\u0635\u0644\u0648\u0646 \u0628\u0634\u063a\u0641 \u0646\u0642\u0644 \u062e\u0628\u0631\u0629 \u0645\u062a\u0648\u0627\u0631\u062b\u0629 \u0639\u0628\u0631 \u0627\u0644\u0623\u062c\u064a\u0627\u0644. \u0646\u062e\u062a\u0627\u0631 \u0628\u0639\u0646\u0627\u064a\u0629 \u0645\u0643\u0648\u0646\u0627\u062a \u0637\u0627\u0632\u062c\u0629 \u0648\u0644\u062d\u0648\u0645 \u0639\u0627\u0644\u064a\u0629 \u0627\u0644\u062c\u0648\u062f\u0629\u060c \u062c\u0645\u064a\u0639\u0647\u0627 \u0645\u0636\u0645\u0648\u0646\u0629 \u062d\u0644\u0627\u0644 100\u066a\u060c \u0644\u0646\u0642\u062f\u0651\u0645 \u0623\u0637\u0628\u0627\u0642\u064b\u0627 \u0623\u0635\u064a\u0644\u0629 \u0648\u0644\u0630\u064a\u0630\u0629 \u062a\u064f\u062d\u0636\u0651\u064e\u0631 \u0648\u0641\u0642 \u0627\u0644\u062a\u0642\u0627\u0644\u064a\u062f.\n\n\u064a\u0642\u0639 \u0645\u0637\u0639\u0645\u0646\u0627 \u0628\u0645\u0648\u0642\u0639 \u0645\u062b\u0627\u0644\u064a \u0628\u0627\u0644\u0642\u0631\u0628 \u0645\u0646 \u0648\u0633\u0637 \u0645\u062f\u064a\u0646\u0629 \u062c\u0646\u064a\u0641\u060c \u0639\u0644\u0649 \u0628\u064f\u0639\u062f \u062e\u0637\u0648\u0627\u062a \u0645\u0646 \u0645\u062d\u0637\u0629 \u0643\u0648\u0631\u0646\u0627\u0641\u064a\u0646 \u0648\u0639\u0644\u0649 \u0628\u0639\u062f 5 \u062f\u0642\u0627\u0626\u0642 \u0641\u0642\u0637 \u0633\u064a\u0631\u064b\u0627 \u0639\u0644\u0649 \u0627\u0644\u0623\u0642\u062f\u0627\u0645 \u0645\u0646 \u0628\u062d\u064a\u0631\u0629 \u0644\u064a\u0645\u0627\u0646. \u0643\u0645\u0627 \u064a\u0633\u0647\u0644 \u0627\u0644\u0648\u0635\u0648\u0644 \u0625\u0644\u064a\u0647 \u0628\u0648\u0627\u0633\u0637\u0629 \u0648\u0633\u0627\u0626\u0644 \u0627\u0644\u0646\u0642\u0644 \u0627\u0644\u0639\u0627\u0645\u060c \u0648\u062a\u062a\u0648\u0641\u0631 \u0627\u0644\u0639\u062f\u064a\u062f \u0645\u0646 \u0645\u0648\u0627\u0642\u0641 \u0627\u0644\u0633\u064a\u0627\u0631\u0627\u062a \u0627\u0644\u0642\u0631\u064a\u0628\u0629\u060c \u0628\u0645\u0627 \u0641\u064a \u0630\u0644\u0643 \u0645\u0648\u0642\u0641 \u0633\u064a\u0627\u0631\u0627\u062a \u062a\u062d\u062a \u0627\u0644\u0623\u0631\u0636 \u0645\u062f\u0641\u0648\u0639 \u0627\u0644\u0623\u062c\u0631 \u064a\u0642\u0639 \u0645\u0628\u0627\u0634\u0631\u0629\u064b \u0641\u064a \u0627\u0644\u062c\u0647\u0629 \u0627\u0644\u0645\u0642\u0627\u0628\u0644\u0629 \u0641\u064a \u0645\u0631\u0643\u0632 Cygnes \u0627\u0644\u062a\u062c\u0627\u0631\u064a.\n\n\u0633\u0648\u0627\u0621 \u0643\u0646\u062a\u0645 \u062a\u0631\u063a\u0628\u0648\u0646 \u0628\u062a\u0646\u0627\u0648\u0644 \u0627\u0644\u0637\u0639\u0627\u0645 \u0641\u064a \u0627\u0644\u0645\u0637\u0639\u0645 \u0623\u0648 \u0637\u0644\u0628 \u0627\u0644\u062a\u0648\u0635\u064a\u0644 \u0625\u0644\u0649 \u0627\u0644\u0645\u0646\u0632\u0644\u060c \u064a\u0633\u0639\u062f\u0646\u0627 \u062e\u062f\u0645\u062a\u0643\u0645. \u0646\u0648\u0641\u0631 \u062e\u062f\u0645\u0629 \u0627\u0644\u062a\u0648\u0635\u064a\u0644 \u0639\u0628\u0631 Uber Eats \u0648Just Eat\u060c \u0628\u0627\u0644\u0625\u0636\u0627\u0641\u0629 \u0625\u0644\u0649 \u0625\u0645\u0643\u0627\u0646\u064a\u0629 \u0627\u0644\u0637\u0644\u0628 \u0627\u0644\u0645\u0628\u0627\u0634\u0631 \u0639\u0628\u0631 \u0627\u0644\u0647\u0627\u062a\u0641.\n\n\u0643\u0645\u0627 \u064a\u0631\u062d\u0628 \u0628\u0643\u0645 \u0645\u0637\u0639\u0645 \u0637\u0647\u0631\u0627\u0646 \u2013 \u0628\u062d\u064a\u0631\u0629 \u062c\u0646\u064a\u0641 \u0639\u0644\u0649 \u0628\u064f\u0639\u062f \u062e\u0637\u0648\u0627\u062a \u0642\u0644\u064a\u0644\u0629 \u0645\u0646 \u0628\u062d\u064a\u0631\u0629 \u0644\u064a\u0645\u0627\u0646 \u0644\u0627\u0643\u062a\u0634\u0627\u0641 \u0623\u0635\u0627\u0644\u0629 \u0627\u0644\u0645\u0637\u0628\u062e \u0627\u0644\u0625\u064a\u0631\u0627\u0646\u064a \u0627\u0644\u062d\u0642\u064a\u0642\u064a \u0641\u064a \u0623\u062c\u0648\u0627\u0621 \u062f\u0627\u0641\u0626\u0629 \u0648\u0648\u062f\u064a\u0629.\n\n\u064a\u0642\u062f\u0645 \u0645\u0637\u0639\u0645\u0646\u0627 \u0645\u0637\u0628\u062e\u064b\u0627 \u0625\u064a\u0631\u0627\u0646\u064a\u064b\u0627 \u0623\u0635\u064a\u0644\u064b\u0627 \u064a\u064f\u062d\u0636\u0651\u064e\u0631 \u0639\u0644\u0649 \u064a\u062f \u0641\u0631\u064a\u0642 \u0645\u0643\u0648\u0651\u0646 \u0628\u0627\u0644\u0643\u0627\u0645\u0644 \u0645\u0646 \u0645\u062d\u062a\u0631\u0641\u064a\u0646 \u0625\u064a\u0631\u0627\u0646\u064a\u064a\u0646 \u0630\u0648\u064a \u062e\u0628\u0631\u0629\u060c \u0634\u063a\u0648\u0641\u064a\u0646 \u0628\u0641\u0646 \u0627\u0644\u0637\u0647\u064a \u0627\u0644\u0641\u0627\u0631\u0633\u064a \u0648\u062a\u0642\u0627\u0644\u064a\u062f\u0647 \u0627\u0644\u0639\u0631\u064a\u0642\u0629.<br \/>\n\u062a\u064f\u062d\u0636\u0651\u064e\u0631 \u062c\u0645\u064a\u0639 \u0623\u0637\u0628\u0627\u0642\u0646\u0627 \u0628\u0627\u0633\u062a\u062e\u062f\u0627\u0645 \u0645\u0643\u0648\u0646\u0627\u062a \u0637\u0627\u0632\u062c\u0629 \u0648\u0644\u062d\u0648\u0645 \u0639\u0627\u0644\u064a\u0629 \u0627\u0644\u062c\u0648\u062f\u0629 \u0645\u0636\u0645\u0648\u0646\u0629 \u062d\u0644\u0627\u0644 100\u066a\u060c \u0644\u0646\u0642\u062f\u0645 \u0646\u0643\u0647\u0627\u062a \u0623\u0635\u064a\u0644\u0629 \u062a\u0639\u0643\u0633 \u062a\u0642\u0627\u0644\u064a\u062f \u0627\u0644\u0645\u0637\u0628\u062e \u0627\u0644\u0625\u064a\u0631\u0627\u0646\u064a.\n\n\u064a\u0642\u0639 \u0645\u0637\u0639\u0645\u0646\u0627 \u0641\u064a \u0645\u0648\u0642\u0639 \u0645\u062b\u0627\u0644\u064a \u0639\u0644\u0649 \u0628\u0639\u062f \u062f\u0642\u064a\u0642\u062a\u064a\u0646 \u0641\u0642\u0637 \u0633\u064a\u0631\u064b\u0627 \u0639\u0644\u0649 \u0627\u0644\u0623\u0642\u062f\u0627\u0645 \u0645\u0646 \u0628\u062d\u064a\u0631\u0629 \u0644\u064a\u0645\u0627\u0646\u060c \u0643\u0645\u0627 \u064a\u0633\u0647\u0644 \u0627\u0644\u0648\u0635\u0648\u0644 \u0625\u0644\u064a\u0647 \u0648\u062a\u062a\u0648\u0641\u0631 \u0627\u0644\u0639\u062f\u064a\u062f \u0645\u0646 \u0645\u0648\u0627\u0642\u0641 \u0627\u0644\u0633\u064a\u0627\u0631\u0627\u062a \u0627\u0644\u0639\u0627\u0645\u0629 \u0628\u0627\u0644\u0642\u0631\u0628 \u0645\u0646\u0647.\n\n\u0645\u0637\u0639\u0645 \u0637\u0647\u0631\u0627\u0646 \u2013 \u0628\u062d\u064a\u0631\u0629 \u062c\u0646\u064a\u0641\u060c \u0627\u0644\u0639\u0646\u0648\u0627\u0646 \u0627\u0644\u0645\u062b\u0627\u0644\u064a \u0644\u0644\u0627\u0633\u062a\u0645\u062a\u0627\u0639 \u0628\u0627\u0644\u0645\u0637\u0628\u062e \u0627\u0644\u0625\u064a\u0631\u0627\u0646\u064a \u0627\u0644\u062d\u0644\u0627\u0644 \u0627\u0644\u0623\u0635\u064a\u0644 \u0641\u064a \u062c\u0646\u064a\u0641.\t\t\t<\/p>\n\t\t\t<\/div>\n<\/div>\t\t<\/div>\n\t<\/div>\n<\/div><\/div><\/div><\/div><\/div><\/div><\/div><\/div><div class=\"mkdf-row-grid-section-wrapper mkdf-content-aligment-center\"  ><div class=\"mkdf-row-grid-section\"><div class=\"vc_row wpb_row vc_row-fluid vc_custom_1530182120282\" ><div class=\"wpb_column vc_column_container vc_col-sm-12\"><div class=\"vc_column-inner\"><div class=\"wpb_wrapper\">\n\t<div  class=\"wpb_single_image wpb_content_element vc_align_center\">\n\t\t\n\t\t<figure class=\"wpb_wrapper vc_figure\">\n\t\t\t<div class=\"vc_single_image-wrapper   vc_box_border_grey\"><img loading=\"lazy\" decoding=\"async\" class=\"vc_single_image-img\" src=\"https:\/\/restaurant-tehran-lake.ch\/wp-content\/uploads\/2021\/11\/Facade-moc-1-636x408.jpg\" width=\"636\" height=\"408\" alt=\"Facade-moc\" title=\"Facade-moc\" \/><\/div>\n\t\t<\/figure>\n\t<\/div>\n<\/div><\/div><\/div><\/div><\/div><\/div><div class=\"vc_row wpb_row vc_row-fluid\" ><div class=\"wpb_column vc_column_container vc_col-sm-12\"><div class=\"vc_column-inner\"><div class=\"wpb_wrapper\"><div class=\"mkdf-elements-holder   mkdf-one-column  mkdf-responsive-mode-768\" ><div class=\"mkdf-eh-item   mkdf-horizontal-alignment-center\"  data-item-class=\"mkdf-eh-custom-9507\" data-1367-1600=\"0% 17.8% 0% 17.8%\" data-1025-1366=\"0% 16.8% 0% 16.8%\" data-769-1024=\"0% 0% 0% 0%\" data-681-768=\"0% 10% 0% 10%\" data-680=\"0% 5% 0% 5%\">\n\t<div class=\"mkdf-eh-item-inner\">\n\t\t<div class=\"mkdf-eh-item-content mkdf-eh-custom-9507\" style=\"padding: 0% 17.8% 0% 17.8%\">\n\t\t\t<div class=\"mkdf-section-title-holder  mkdf-st-standard mkdf-st-title-left mkdf-st-normal-space\" style=\"text-align: center\">\n\t<div class=\"mkdf-st-inner\">\n\t\t\t\t\t<h2 class=\"mkdf-st-title\" style=\"color: #000000\">\n\t\t\t\t\u0634\u0631\u0643\u0627\u0624\u0646\u0627\t\t\t<\/h2>\n\t\t\t\t<div class=\"mkdf-separator-holder clearfix  mkdf-separator-center\">\n\t<div class=\"mkdf-separator\" style=\"border-color: #000000;width: 80px;border-bottom-width: 2px\"><\/div>\n<\/div>\n\t\t\t<\/div>\n<\/div><div class=\"mkdf-clients-carousel-holder mkdf-cc-hover-switch-images\">\n\t<div class=\"mkdf-cc-inner mkdf-owl-slider\" data-number-of-items=\"5\" data-enable-loop=\"yes\" data-enable-autoplay=\"yes\" data-slider-speed=\"5000\" data-slider-speed-animation=\"600\" data-enable-navigation=\"no\" data-enable-pagination=\"no\">\n\t\t<div class=\"mkdf-cc-item mkdf-item-space mkdf-cci-no-link\">\n\t\t\t\t\t\t<img decoding=\"async\" itemprop=\"image\" class=\"mkdf-cc-image\" src=\"https:\/\/restaurant-tehran-lake.ch\/wp-content\/uploads\/2021\/09\/Partenaires-01-1.png\" alt=\"\" \/>\n\t\t\t\t\t\t\t<img decoding=\"async\" itemprop=\"image\" class=\"mkdf-cc-hover-image\" src=\"https:\/\/restaurant-tehran-lake.ch\/wp-content\/uploads\/2021\/09\/Partenaires-01-1.png\" alt=\"\" \/>\n\t\t\t<\/div><div class=\"mkdf-cc-item mkdf-item-space mkdf-cci-no-link\">\n\t\t\t\t\t\t<img decoding=\"async\" itemprop=\"image\" class=\"mkdf-cc-image\" src=\"https:\/\/restaurant-tehran-lake.ch\/wp-content\/uploads\/2021\/09\/Partenaires-02-1.png\" alt=\"\" \/>\n\t\t\t\t\t\t\t<img decoding=\"async\" itemprop=\"image\" class=\"mkdf-cc-hover-image\" src=\"https:\/\/restaurant-tehran-lake.ch\/wp-content\/uploads\/2021\/09\/Partenaires-02-1.png\" alt=\"\" \/>\n\t\t\t<\/div><div class=\"mkdf-cc-item mkdf-item-space mkdf-cci-no-link\">\n\t\t\t\t\t\t<img decoding=\"async\" itemprop=\"image\" class=\"mkdf-cc-image\" src=\"https:\/\/restaurant-tehran-lake.ch\/wp-content\/uploads\/2021\/09\/Partenaires-03-1.png\" alt=\"\" \/>\n\t\t\t\t\t\t\t<img decoding=\"async\" itemprop=\"image\" class=\"mkdf-cc-hover-image\" src=\"https:\/\/restaurant-tehran-lake.ch\/wp-content\/uploads\/2021\/09\/Partenaires-03-1.png\" alt=\"\" \/>\n\t\t\t<\/div><div class=\"mkdf-cc-item mkdf-item-space mkdf-cci-no-link\">\n\t\t\t\t\t\t<img decoding=\"async\" itemprop=\"image\" class=\"mkdf-cc-image\" src=\"https:\/\/restaurant-tehran-lake.ch\/wp-content\/uploads\/2021\/09\/Partenaires-04-2.png\" alt=\"\" \/>\n\t\t\t\t\t\t\t<img decoding=\"async\" itemprop=\"image\" class=\"mkdf-cc-hover-image\" src=\"https:\/\/restaurant-tehran-lake.ch\/wp-content\/uploads\/2021\/09\/Partenaires-04-2.png\" alt=\"\" \/>\n\t\t\t<\/div><div class=\"mkdf-cc-item mkdf-item-space mkdf-cci-no-link\">\n\t\t\t\t\t\t<img decoding=\"async\" itemprop=\"image\" class=\"mkdf-cc-image\" src=\"https:\/\/restaurant-tehran-lake.ch\/wp-content\/uploads\/2021\/09\/Partenaires-05.png\" alt=\"\" \/>\n\t\t\t\t\t\t\t<img decoding=\"async\" itemprop=\"image\" class=\"mkdf-cc-hover-image\" src=\"https:\/\/restaurant-tehran-lake.ch\/wp-content\/uploads\/2021\/09\/Partenaires-05.png\" alt=\"\" \/>\n\t\t\t<\/div><div class=\"mkdf-cc-item mkdf-item-space mkdf-cci-no-link\">\n\t\t\t\t\t\t<img decoding=\"async\" itemprop=\"image\" class=\"mkdf-cc-image\" src=\"https:\/\/restaurant-tehran-lake.ch\/wp-content\/uploads\/2021\/09\/Partenaires-06.png\" alt=\"\" \/>\n\t\t\t\t\t\t\t<img decoding=\"async\" itemprop=\"image\" class=\"mkdf-cc-hover-image\" src=\"https:\/\/restaurant-tehran-lake.ch\/wp-content\/uploads\/2021\/09\/Partenaires-06.png\" alt=\"\" \/>\n\t\t\t<\/div><div class=\"mkdf-cc-item mkdf-item-space mkdf-cci-no-link\">\n\t\t\t\t\t\t<img decoding=\"async\" itemprop=\"image\" class=\"mkdf-cc-image\" src=\"https:\/\/restaurant-tehran-lake.ch\/wp-content\/uploads\/2021\/09\/Partenaires-07.png\" alt=\"\" \/>\n\t\t\t\t\t\t\t<img decoding=\"async\" itemprop=\"image\" class=\"mkdf-cc-hover-image\" src=\"https:\/\/restaurant-tehran-lake.ch\/wp-content\/uploads\/2021\/09\/Partenaires-07.png\" alt=\"\" \/>\n\t\t\t<\/div><div class=\"mkdf-cc-item mkdf-item-space mkdf-cci-no-link\">\n\t\t\t\t\t\t<img decoding=\"async\" itemprop=\"image\" class=\"mkdf-cc-image\" src=\"https:\/\/restaurant-tehran-lake.ch\/wp-content\/uploads\/2021\/09\/Partenaires-08.png\" alt=\"\" \/>\n\t\t\t\t\t\t\t<img decoding=\"async\" itemprop=\"image\" class=\"mkdf-cc-hover-image\" src=\"https:\/\/restaurant-tehran-lake.ch\/wp-content\/uploads\/2021\/09\/Partenaires-08.png\" alt=\"\" \/>\n\t\t\t<\/div>\t<\/div>\n<\/div>\t\t<\/div>\n\t<\/div>\n<\/div><\/div><\/div><\/div><\/div><\/div><div class=\"vc_row wpb_row vc_row-fluid\" ><div class=\"wpb_column vc_column_container vc_col-sm-12\"><div class=\"vc_column-inner\"><div class=\"wpb_wrapper\">\n\t<div class=\"wpb_text_column wpb_content_element\" >\n\t\t<div class=\"wpb_wrapper\">\n\t\t\t<div id=\"i4c-dialogs-container\"><\/div>\n\n\t\t<\/div>\n\t<\/div>\n<\/div><\/div><\/div><\/div>","protected":false},"excerpt":{"rendered":"Restaurant Tehran Geneva Lake Depuis 2009, Restaurant Tehran \u2013 Geneva Center vous accueille au c\u0153ur de Gen\u00e8ve pour vous faire d\u00e9couvrir l\u2019authenticit\u00e9 de la v\u00e9ritable cuisine iranienne. Notre \u00e9tablissement est un restaurant iranien 100 % halal certifi\u00e9, o\u00f9 la qualit\u00e9, la tradition et la satisfaction de nos clients sont notre priorit\u00e9 absolue. Notre \u00e9quipe est compos\u00e9e exclusivement de professionnels iraniens, en cuisine comme en salle, de v\u00e9ritables connaisseurs de la gastronomie persane qui perp\u00e9tuent avec passion un savoir-faire transmis depuis des g\u00e9n\u00e9rations. Nous s\u00e9lectionnons soigneusement des ingr\u00e9dients frais et des viandes de premi\u00e8re qualit\u00e9, toutes garanties 100 % halal, afin [...]","protected":false},"author":1,"featured_media":0,"parent":0,"menu_order":0,"comment_status":"closed","ping_status":"closed","template":"full-width.php","meta":{"footnotes":""},"class_list":["post-691","page","type-page","status-publish","hentry"],"_links":{"self":[{"href":"https:\/\/restaurant-tehran-lake.ch\/ar\/wp-json\/wp\/v2\/pages\/691","targetHints":{"allow":["GET"]}}],"collection":[{"href":"https:\/\/restaurant-tehran-lake.ch\/ar\/wp-json\/wp\/v2\/pages"}],"about":[{"href":"https:\/\/restaurant-tehran-lake.ch\/ar\/wp-json\/wp\/v2\/types\/page"}],"author":[{"embeddable":true,"href":"https:\/\/restaurant-tehran-lake.ch\/ar\/wp-json\/wp\/v2\/users\/1"}],"replies":[{"embeddable":true,"href":"https:\/\/restaurant-tehran-lake.ch\/ar\/wp-json\/wp\/v2\/comments?post=691"}],"version-history":[{"count":0,"href":"https:\/\/restaurant-tehran-lake.ch\/ar\/wp-json\/wp\/v2\/pages\/691\/revisions"}],"wp:attachment":[{"href":"https:\/\/restaurant-tehran-lake.ch\/ar\/wp-json\/wp\/v2\/media?parent=691"}],"curies":[{"name":"wp","href":"https:\/\/api.w.org\/{rel}","templated":true}]}}