{"id":30643,"date":"2025-06-30T12:21:00","date_gmt":"2025-06-30T10:21:00","guid":{"rendered":"https:\/\/restaurant-tehran.ch\/?page_id=30643"},"modified":"2026-03-10T16:20:15","modified_gmt":"2026-03-10T15:20:15","slug":"livraison-a-domicile","status":"publish","type":"page","link":"https:\/\/restaurant-tehran-lake.ch\/ar\/livraison-a-domicile\/","title":{"rendered":"Livraison \u00e0 domicile"},"content":{"rendered":"<div class=\"vc_row wpb_row vc_row-fluid\" ><div class=\"wpb_column vc_column_container vc_col-sm-12\"><div class=\"vc_column-inner\"><div class=\"wpb_wrapper\"><div class=\"mkdf-section-title-holder  mkdf-st-standard mkdf-st-title-left mkdf-st-normal-space\" style=\"text-align: center\">\n\t<div class=\"mkdf-st-inner\">\n\t\t\t\t\t<h2 class=\"mkdf-st-title\" >\n\t\t\t\tLivraison \u00e0 domicile\t\t\t<\/h2>\n\t\t\t\t<div class=\"mkdf-separator-holder clearfix  mkdf-separator-center\">\n\t<div class=\"mkdf-separator\" style=\"width: 80px;border-bottom-width: 2px\"><\/div>\n<\/div>\n\t\t\t<\/div>\n<\/div><\/div><\/div><\/div><\/div><section class=\"vc_section\"><div class=\"vc_row wpb_row vc_row-fluid vc_custom_1751296217451 vc_row-o-content-middle vc_row-flex\" ><div class=\"wpb_column vc_column_container vc_col-sm-6\"><div class=\"vc_column-inner\"><div class=\"wpb_wrapper\">\n\t<div  class=\"wpb_single_image wpb_content_element vc_align_center\">\n\t\t\n\t\t<figure class=\"wpb_wrapper vc_figure\">\n\t\t\t<a href=\"https:\/\/www.order.store\/store\/restaurant-tehran-geneva-lake\/fWvNIxsrU2e4wSsLwVz_lw\" target=\"_self\" class=\"vc_single_image-wrapper   vc_box_border_grey\"><img loading=\"lazy\" decoding=\"async\" class=\"vc_single_image-img\" src=\"https:\/\/restaurant-tehran-lake.ch\/wp-content\/uploads\/2025\/06\/0x0-1-150x150.png\" width=\"150\" height=\"150\" alt=\"0x0 (1)\" title=\"0x0 (1)\" \/><\/a>\n\t\t<\/figure>\n\t<\/div>\n<\/div><\/div><\/div><div class=\"wpb_column vc_column_container vc_col-sm-6\"><div class=\"vc_column-inner\"><div class=\"wpb_wrapper\">\n\t<div  class=\"wpb_single_image wpb_content_element vc_align_center\">\n\t\t\n\t\t<figure class=\"wpb_wrapper vc_figure\">\n\t\t\t<a href=\"https:\/\/order-now-toolkit.takeaway.com\/widgets\/button?restId=24501670&amp;language=fr&amp;horizontal%22\" target=\"_self\" class=\"vc_single_image-wrapper   vc_box_border_grey\"><img loading=\"lazy\" decoding=\"async\" class=\"vc_single_image-img\" src=\"https:\/\/restaurant-tehran-lake.ch\/wp-content\/uploads\/2026\/02\/just-eat-logo-png_seeklogo-408326-150x150.png\" width=\"150\" height=\"150\" alt=\"just-eat-logo-png_seeklogo-408326\" title=\"just-eat-logo-png_seeklogo-408326\" \/><\/a>\n\t\t<\/figure>\n\t<\/div>\n<\/div><\/div><\/div><\/div><div class=\"vc_row wpb_row vc_row-fluid\" ><div class=\"wpb_column vc_column_container vc_col-sm-6\"><div class=\"vc_column-inner\"><div class=\"wpb_wrapper\"><div class=\"mkdf-iwt clearfix  mkdf-iwt-icon-top mkdf-iwt-icon-medium\">\n\t<div class=\"mkdf-iwt-icon\">\n\t\t\t\t\t\t\t\t\t    <span class=\"mkdf-icon-shortcode mkdf-normal   mkdf-icon-medium\"  data-color=\"#85754e\">\n                    <i class=\"mkdf-icon-font-awesome fa fa-phone mkdf-icon-element\" style=\"color: #85754e\" ><\/i>            <\/span>\n\t\t\t\t\t\t<\/div>\n\t<div class=\"mkdf-iwt-content\" >\n\t\t\t\t\t<h4 class=\"mkdf-iwt-title\" >\n\t\t\t\t\t\t\t\t<span class=\"mkdf-iwt-title-text\">T\u00e9l\u00e9phone<\/span>\n\t\t\t\t\t\t\t<\/h4>\n\t\t\t\t\t\t\t<p class=\"mkdf-iwt-text\" >+41 22 731 22 22<\/p>\n\t\t\t<\/div>\n<\/div><\/div><\/div><\/div><div class=\"wpb_column vc_column_container vc_col-sm-6\"><div class=\"vc_column-inner\"><div class=\"wpb_wrapper\"><div class=\"mkdf-iwt clearfix  mkdf-iwt-icon-top mkdf-iwt-icon-medium\">\n\t<div class=\"mkdf-iwt-icon\">\n\t\t\t\t\t\t\t\t\t    <span class=\"mkdf-icon-shortcode mkdf-normal   mkdf-icon-medium\"  data-color=\"#85754e\">\n                    <i class=\"mkdf-icon-font-awesome fa fa-envelope mkdf-icon-element\" style=\"color: #85754e\" ><\/i>            <\/span>\n\t\t\t\t\t\t<\/div>\n\t<div class=\"mkdf-iwt-content\" >\n\t\t\t\t\t<h4 class=\"mkdf-iwt-title\" >\n\t\t\t\t\t\t\t\t<span class=\"mkdf-iwt-title-text\">\u0628\u0631\u064a\u062f \u0625\u0644\u0643\u062a\u0631\u0648\u0646\u064a<\/span>\n\t\t\t\t\t\t\t<\/h4>\n\t\t\t\t\t\t\t<p class=\"mkdf-iwt-text\" >contact@restaurant-tehran-lake.ch<\/p>\n\t\t\t<\/div>\n<\/div><\/div><\/div><\/div><\/div><div class=\"vc_row wpb_row vc_row-fluid vc_row-o-content-middle vc_row-flex mkdf-content-aligment-center\" ><div class=\"wpb_column vc_column_container vc_col-sm-12\"><div class=\"vc_column-inner\"><div class=\"wpb_wrapper\"><div class=\"vc_empty_space\"   style=\"height: 32px\"><span class=\"vc_empty_space_inner\"><\/span><\/div><a itemprop=\"url\" href=\"\/ar\/menu\/\" target=\"_self\" style=\"background-color: #85754e;border-color: #85754e\" class=\"mkdf-btn mkdf-btn-medium mkdf-btn-solid mkdf-btn-custom-border-hover mkdf-btn-custom-hover-color mkdf-btn-icon\" data-hover-color=\"#85754e\" data-hover-border-color=\"#85754e\" >\n    <span class=\"mkdf-btn-text\">\u0627\u0646\u0638\u0631 \u0627\u0644\u0642\u0627\u0626\u0645\u0629<\/span>\n    <i class=\"mkdf-icon-font-awesome fa fa-arrow-right\" ><\/i><\/a><\/div><\/div><\/div><\/div><\/section><\/a><\/p>","protected":false},"excerpt":{"rendered":"Livraison \u00e0 domicile T\u00e9l\u00e9phone +41 22 731 22 22 E-mail contact@restaurant-tehran-lake.ch Voir menu","protected":false},"author":1,"featured_media":0,"parent":0,"menu_order":0,"comment_status":"closed","ping_status":"closed","template":"","meta":{"footnotes":""},"class_list":["post-30643","page","type-page","status-publish","hentry"],"_links":{"self":[{"href":"https:\/\/restaurant-tehran-lake.ch\/ar\/wp-json\/wp\/v2\/pages\/30643","targetHints":{"allow":["GET"]}}],"collection":[{"href":"https:\/\/restaurant-tehran-lake.ch\/ar\/wp-json\/wp\/v2\/pages"}],"about":[{"href":"https:\/\/restaurant-tehran-lake.ch\/ar\/wp-json\/wp\/v2\/types\/page"}],"author":[{"embeddable":true,"href":"https:\/\/restaurant-tehran-lake.ch\/ar\/wp-json\/wp\/v2\/users\/1"}],"replies":[{"embeddable":true,"href":"https:\/\/restaurant-tehran-lake.ch\/ar\/wp-json\/wp\/v2\/comments?post=30643"}],"version-history":[{"count":0,"href":"https:\/\/restaurant-tehran-lake.ch\/ar\/wp-json\/wp\/v2\/pages\/30643\/revisions"}],"wp:attachment":[{"href":"https:\/\/restaurant-tehran-lake.ch\/ar\/wp-json\/wp\/v2\/media?parent=30643"}],"curies":[{"name":"wp","href":"https:\/\/api.w.org\/{rel}","templated":true}]}}